{"id":2725,"date":"2025-01-14T14:46:07","date_gmt":"2025-01-14T13:46:07","guid":{"rendered":"https:\/\/nevadensis.witdesarrollo2.es\/history\/"},"modified":"2025-07-04T09:26:43","modified_gmt":"2025-07-04T07:26:43","slug":"history","status":"publish","type":"page","link":"https:\/\/www.jamonesnevadensis.com\/en\/history\/","title":{"rendered":"History"},"content":{"rendered":"\t\t<div data-elementor-type=\"wp-page\" data-elementor-id=\"2725\" class=\"elementor elementor-2725 elementor-526\" data-elementor-post-type=\"page\">\n\t\t\t\t<div class=\"elementor-element elementor-element-c83ad46 e-con-full e-flex e-con e-parent\" data-id=\"c83ad46\" data-element_type=\"container\" data-settings=\"{&quot;background_background&quot;:&quot;classic&quot;}\">\n\t\t<div class=\"elementor-element elementor-element-e08b2ce e-con-full e-flex e-con e-child\" data-id=\"e08b2ce\" data-element_type=\"container\" data-settings=\"{&quot;background_background&quot;:&quot;classic&quot;}\">\n\t\t\t\t<\/div>\n\t\t<div class=\"elementor-element elementor-element-ce86898 e-con-full e-flex e-con e-child\" data-id=\"ce86898\" data-element_type=\"container\">\n\t\t<div class=\"elementor-element elementor-element-7262525 e-con-full e-flex e-con e-child\" data-id=\"7262525\" data-element_type=\"container\">\n\t\t\t\t<div class=\"elementor-element elementor-element-053cdf7 elementor-widget elementor-widget-heading\" data-id=\"053cdf7\" data-element_type=\"widget\" data-widget_type=\"heading.default\">\n\t\t\t\t<div class=\"elementor-widget-container\">\n\t\t\t\t\t<h2 class=\"elementor-heading-title elementor-size-default\">History\nNevadensis<\/h2>\t\t\t\t<\/div>\n\t\t\t\t<\/div>\n\t\t\t\t<\/div>\n\t\t<div class=\"elementor-element elementor-element-50523e4 e-con-full e-flex e-con e-child\" data-id=\"50523e4\" data-element_type=\"container\">\n\t\t\t\t<div class=\"elementor-element elementor-element-a1dff9e elementor-widget elementor-widget-text-editor\" data-id=\"a1dff9e\" data-element_type=\"widget\" data-widget_type=\"text-editor.default\">\n\t\t\t\t<div class=\"elementor-widget-container\">\n\t\t\t\t\t\t\t\t\t<p>TREV\u00c9LEZ, A VILLAGE WITH <span style=\"color: #e6ad4f;\">MORE THAN 200 YEARS OF HISTORY CURING HAMS<\/span> UNDER THE UMBRELLA OF SIERRA NEVADA<\/p>\t\t\t\t\t\t\t\t<\/div>\n\t\t\t\t<\/div>\n\t\t\t\t<\/div>\n\t\t\t\t<\/div>\n\t\t<div class=\"elementor-element elementor-element-83dc31b e-con-full e-flex e-con e-child\" data-id=\"83dc31b\" data-element_type=\"container\">\n\t\t<div class=\"elementor-element elementor-element-d8bff75 e-con-full e-flex e-con e-child\" data-id=\"d8bff75\" data-element_type=\"container\">\n\t\t\t\t<div class=\"elementor-element elementor-element-c095f53 elementor-widget elementor-widget-image\" data-id=\"c095f53\" data-element_type=\"widget\" data-widget_type=\"image.default\">\n\t\t\t\t<div class=\"elementor-widget-container\">\n\t\t\t\t\t\t\t\t\t\t\t\t\t\t\t<img fetchpriority=\"high\" decoding=\"async\" width=\"1225\" height=\"1066\" src=\"https:\/\/www.jamonesnevadensis.com\/wp-content\/uploads\/2024\/12\/HISTORIA-NEVADENSIS.jpg\" class=\"attachment-full size-full wp-image-2491\" alt=\"HISTORIA NEVADENSIS\" srcset=\"https:\/\/www.jamonesnevadensis.com\/wp-content\/uploads\/2024\/12\/HISTORIA-NEVADENSIS.jpg 1225w, https:\/\/www.jamonesnevadensis.com\/wp-content\/uploads\/2024\/12\/HISTORIA-NEVADENSIS-400x348.jpg 400w, https:\/\/www.jamonesnevadensis.com\/wp-content\/uploads\/2024\/12\/HISTORIA-NEVADENSIS-600x522.jpg 600w, https:\/\/www.jamonesnevadensis.com\/wp-content\/uploads\/2024\/12\/HISTORIA-NEVADENSIS-300x261.jpg 300w, https:\/\/www.jamonesnevadensis.com\/wp-content\/uploads\/2024\/12\/HISTORIA-NEVADENSIS-1024x891.jpg 1024w, https:\/\/www.jamonesnevadensis.com\/wp-content\/uploads\/2024\/12\/HISTORIA-NEVADENSIS-768x668.jpg 768w\" sizes=\"(max-width: 1225px) 100vw, 1225px\" \/>\t\t\t\t\t\t\t\t\t\t\t\t\t\t\t<\/div>\n\t\t\t\t<\/div>\n\t\t\t\t<\/div>\n\t\t<div class=\"elementor-element elementor-element-2247087 e-con-full e-flex e-con e-child\" data-id=\"2247087\" data-element_type=\"container\">\n\t\t\t\t<div class=\"elementor-element elementor-element-1984fdf elementor-widget elementor-widget-image\" data-id=\"1984fdf\" data-element_type=\"widget\" data-widget_type=\"image.default\">\n\t\t\t\t<div class=\"elementor-widget-container\">\n\t\t\t\t\t\t\t\t\t\t\t\t\t\t\t<img decoding=\"async\" width=\"1500\" height=\"1000\" src=\"https:\/\/www.jamonesnevadensis.com\/wp-content\/uploads\/2025\/03\/2_11zon.webp\" class=\"attachment-full size-full wp-image-2556\" alt=\"2_11zon\" srcset=\"https:\/\/www.jamonesnevadensis.com\/wp-content\/uploads\/2025\/03\/2_11zon.webp 1500w, https:\/\/www.jamonesnevadensis.com\/wp-content\/uploads\/2025\/03\/2_11zon-400x267.webp 400w, https:\/\/www.jamonesnevadensis.com\/wp-content\/uploads\/2025\/03\/2_11zon-600x400.webp 600w, https:\/\/www.jamonesnevadensis.com\/wp-content\/uploads\/2025\/03\/2_11zon-300x200.webp 300w, https:\/\/www.jamonesnevadensis.com\/wp-content\/uploads\/2025\/03\/2_11zon-1024x683.webp 1024w, https:\/\/www.jamonesnevadensis.com\/wp-content\/uploads\/2025\/03\/2_11zon-768x512.webp 768w\" sizes=\"(max-width: 1500px) 100vw, 1500px\" \/>\t\t\t\t\t\t\t\t\t\t\t\t\t\t\t<\/div>\n\t\t\t\t<\/div>\n\t\t\t\t<\/div>\n\t\t\t\t<\/div>\n\t\t<div class=\"elementor-element elementor-element-9b52d94 e-con-full e-flex e-con e-child\" data-id=\"9b52d94\" data-element_type=\"container\">\n\t\t<div class=\"elementor-element elementor-element-deaf00b e-con-full e-flex e-con e-child\" data-id=\"deaf00b\" data-element_type=\"container\">\n\t\t\t\t<div class=\"elementor-element elementor-element-f5c2436 elementor-widget elementor-widget-image\" data-id=\"f5c2436\" data-element_type=\"widget\" data-widget_type=\"image.default\">\n\t\t\t\t<div class=\"elementor-widget-container\">\n\t\t\t\t\t\t\t\t\t\t\t\t\t\t\t<img decoding=\"async\" width=\"1934\" height=\"1934\" src=\"https:\/\/www.jamonesnevadensis.com\/wp-content\/uploads\/2024\/07\/logo-igp-2.png\" class=\"attachment-full size-full wp-image-2531\" alt=\"logo-igp-2\" srcset=\"https:\/\/www.jamonesnevadensis.com\/wp-content\/uploads\/2024\/07\/logo-igp-2.png 1934w, https:\/\/www.jamonesnevadensis.com\/wp-content\/uploads\/2024\/07\/logo-igp-2-400x400.png 400w, https:\/\/www.jamonesnevadensis.com\/wp-content\/uploads\/2024\/07\/logo-igp-2-100x100.png 100w, https:\/\/www.jamonesnevadensis.com\/wp-content\/uploads\/2024\/07\/logo-igp-2-600x600.png 600w, https:\/\/www.jamonesnevadensis.com\/wp-content\/uploads\/2024\/07\/logo-igp-2-300x300.png 300w, https:\/\/www.jamonesnevadensis.com\/wp-content\/uploads\/2024\/07\/logo-igp-2-1024x1024.png 1024w, https:\/\/www.jamonesnevadensis.com\/wp-content\/uploads\/2024\/07\/logo-igp-2-150x150.png 150w, https:\/\/www.jamonesnevadensis.com\/wp-content\/uploads\/2024\/07\/logo-igp-2-768x768.png 768w, https:\/\/www.jamonesnevadensis.com\/wp-content\/uploads\/2024\/07\/logo-igp-2-1536x1536.png 1536w\" sizes=\"(max-width: 1934px) 100vw, 1934px\" \/>\t\t\t\t\t\t\t\t\t\t\t\t\t\t\t<\/div>\n\t\t\t\t<\/div>\n\t\t\t\t<div class=\"elementor-element elementor-element-d73017f elementor-widget__width-initial elementor-widget elementor-widget-text-editor\" data-id=\"d73017f\" data-element_type=\"widget\" data-widget_type=\"text-editor.default\">\n\t\t\t\t<div class=\"elementor-widget-container\">\n\t\t\t\t\t\t\t\t\t<p>Hams protected since 2005 under European protection through the <strong>\u2018Protected Geographical Indication\u2019 (PGI), Jam\u00f3n de Trev\u00e9lez.<\/strong><\/p>\t\t\t\t\t\t\t\t<\/div>\n\t\t\t\t<\/div>\n\t\t\t\t<\/div>\n\t\t<div class=\"elementor-element elementor-element-cf854bd e-con-full e-flex e-con e-child\" data-id=\"cf854bd\" data-element_type=\"container\">\n\t\t\t\t<div class=\"elementor-element elementor-element-31bca45 elementor-widget elementor-widget-text-editor\" data-id=\"31bca45\" data-element_type=\"widget\" data-widget_type=\"text-editor.default\">\n\t\t\t\t<div class=\"elementor-widget-container\">\n\t\t\t\t\t\t\t\t\t<p>Jamones de Trev\u00e9lez: a tradition of flavour and quality<\/p>\t\t\t\t\t\t\t\t<\/div>\n\t\t\t\t<\/div>\n\t\t\t\t<div class=\"elementor-element elementor-element-f782581 elementor-widget elementor-widget-text-editor\" data-id=\"f782581\" data-element_type=\"widget\" data-widget_type=\"text-editor.default\">\n\t\t\t\t<div class=\"elementor-widget-container\">\n\t\t\t\t\t\t\t\t\t<p>The village of Trev\u00e9lez and its tradition in the curing of hams has been a national and international reference for more than 200 years.<\/p>\t\t\t\t\t\t\t\t<\/div>\n\t\t\t\t<\/div>\n\t\t\t\t<div class=\"elementor-element elementor-element-c696300 elementor-widget elementor-widget-text-editor\" data-id=\"c696300\" data-element_type=\"widget\" data-widget_type=\"text-editor.default\">\n\t\t\t\t<div class=\"elementor-widget-container\">\n\t\t\t\t\t\t\t\t\t<p>Not only are there numerous bibliographical references by prestigious writers, such as Cervantes, endorsing the quality of Jamones de Trev\u00e9lez, but also the fact that it carries with honour a royal legacy dating back to 1862. It was at the end of the 19th century when Queen Elizabeth II awarded her royal seal to this ham, recognising its exceptional quality. Since then, it has been enjoyed in the courts of Spain and France.  <\/p><p>Every piece of Trev\u00e9lez Ham we produce follows the same artisan techniques as ever, with Nature being its best ingredient; the purity of the clean air of the Sierra Nevada, the sea salt as a natural preservative for the lean meat, and the time &#8230;<\/p>\t\t\t\t\t\t\t\t<\/div>\n\t\t\t\t<\/div>\n\t\t\t\t<div class=\"elementor-element elementor-element-ec6bdbb elementor-widget elementor-widget-text-editor\" data-id=\"ec6bdbb\" data-element_type=\"widget\" data-widget_type=\"text-editor.default\">\n\t\t\t\t<div class=\"elementor-widget-container\">\n\t\t\t\t\t\t\t\t\t<p>Learn more<\/p>\t\t\t\t\t\t\t\t<\/div>\n\t\t\t\t<\/div>\n\t\t\t\t<div class=\"elementor-element elementor-element-a6234eb elementor-widget elementor-widget-text-editor\" data-id=\"a6234eb\" data-element_type=\"widget\" data-widget_type=\"text-editor.default\">\n\t\t\t\t<div class=\"elementor-widget-container\">\n\t\t\t\t\t\t\t\t\t<p>Visit the website of the <a href=\"https:\/\/www.jamondetrevelez.es\/desde-1862\/\" target=\"_blank\" rel=\"noopener\">Consejo Regulador<\/a> del Jam\u00f3n de Trev\u00e9lez here to learn more about this PGI.<\/p>\t\t\t\t\t\t\t\t<\/div>\n\t\t\t\t<\/div>\n\t\t\t\t<\/div>\n\t\t\t\t<\/div>\n\t\t\t\t<\/div>\n\t\t\t\t<\/div>\n\t\t","protected":false},"excerpt":{"rendered":"<p>History Nevadensis TREV\u00c9LEZ, A VILLAGE WITH MORE THAN 200 YEARS OF HISTORY CURING HAMS UNDER THE UMBRELLA OF SIERRA NEVADA Hams protected since 2005 under European protection through the \u2018Protected Geographical Indication\u2019 (PGI), Jam\u00f3n de Trev\u00e9lez. Jamones de Trev\u00e9lez: a tradition of flavour and quality The village of Trev\u00e9lez and its tradition in the curing [&hellip;]<\/p>\n","protected":false},"author":1,"featured_media":0,"parent":0,"menu_order":0,"comment_status":"closed","ping_status":"closed","template":"","meta":{"footnotes":""},"class_list":["post-2725","page","type-page","status-publish","hentry"],"yoast_head":"<!-- This site is optimized with the Yoast SEO plugin v25.9 - https:\/\/yoast.com\/wordpress\/plugins\/seo\/ -->\n<title>History - Jamones Nevadensis<\/title>\n<meta name=\"robots\" content=\"index, follow, max-snippet:-1, max-image-preview:large, max-video-preview:-1\" \/>\n<link rel=\"canonical\" href=\"https:\/\/www.jamonesnevadensis.com\/en\/history\/\" \/>\n<meta property=\"og:locale\" content=\"en_US\" \/>\n<meta property=\"og:type\" content=\"article\" \/>\n<meta property=\"og:title\" content=\"History - Jamones Nevadensis\" \/>\n<meta property=\"og:description\" content=\"History Nevadensis TREV\u00c9LEZ, A VILLAGE WITH MORE THAN 200 YEARS OF HISTORY CURING HAMS UNDER THE UMBRELLA OF SIERRA NEVADA Hams protected since 2005 under European protection through the \u2018Protected Geographical Indication\u2019 (PGI), Jam\u00f3n de Trev\u00e9lez. Jamones de Trev\u00e9lez: a tradition of flavour and quality The village of Trev\u00e9lez and its tradition in the curing [&hellip;]\" \/>\n<meta property=\"og:url\" content=\"https:\/\/www.jamonesnevadensis.com\/en\/history\/\" \/>\n<meta property=\"og:site_name\" content=\"Jamones Nevadensis\" \/>\n<meta property=\"article:publisher\" content=\"https:\/\/www.facebook.com\/jamones.nevadensis\/?locale=es_ES\" \/>\n<meta property=\"article:modified_time\" content=\"2025-07-04T07:26:43+00:00\" \/>\n<meta property=\"og:image\" content=\"https:\/\/www.jamonesnevadensis.com\/wp-content\/uploads\/2024\/12\/HISTORIA-NEVADENSIS.jpg\" \/>\n\t<meta property=\"og:image:width\" content=\"1225\" \/>\n\t<meta property=\"og:image:height\" content=\"1066\" \/>\n\t<meta property=\"og:image:type\" content=\"image\/jpeg\" \/>\n<meta name=\"twitter:card\" content=\"summary_large_image\" \/>\n<meta name=\"twitter:label1\" content=\"Est. reading time\" \/>\n\t<meta name=\"twitter:data1\" content=\"1 minute\" \/>\n<script type=\"application\/ld+json\" class=\"yoast-schema-graph\">{\"@context\":\"https:\/\/schema.org\",\"@graph\":[{\"@type\":\"WebPage\",\"@id\":\"https:\/\/www.jamonesnevadensis.com\/en\/history\/\",\"url\":\"https:\/\/www.jamonesnevadensis.com\/en\/history\/\",\"name\":\"History - Jamones Nevadensis\",\"isPartOf\":{\"@id\":\"https:\/\/www.jamonesnevadensis.com\/#website\"},\"primaryImageOfPage\":{\"@id\":\"https:\/\/www.jamonesnevadensis.com\/en\/history\/#primaryimage\"},\"image\":{\"@id\":\"https:\/\/www.jamonesnevadensis.com\/en\/history\/#primaryimage\"},\"thumbnailUrl\":\"https:\/\/www.jamonesnevadensis.com\/wp-content\/uploads\/2024\/12\/HISTORIA-NEVADENSIS.jpg\",\"datePublished\":\"2025-01-14T13:46:07+00:00\",\"dateModified\":\"2025-07-04T07:26:43+00:00\",\"breadcrumb\":{\"@id\":\"https:\/\/www.jamonesnevadensis.com\/en\/history\/#breadcrumb\"},\"inLanguage\":\"en-US\",\"potentialAction\":[{\"@type\":\"ReadAction\",\"target\":[\"https:\/\/www.jamonesnevadensis.com\/en\/history\/\"]}]},{\"@type\":\"ImageObject\",\"inLanguage\":\"en-US\",\"@id\":\"https:\/\/www.jamonesnevadensis.com\/en\/history\/#primaryimage\",\"url\":\"https:\/\/www.jamonesnevadensis.com\/wp-content\/uploads\/2024\/12\/HISTORIA-NEVADENSIS.jpg\",\"contentUrl\":\"https:\/\/www.jamonesnevadensis.com\/wp-content\/uploads\/2024\/12\/HISTORIA-NEVADENSIS.jpg\"},{\"@type\":\"BreadcrumbList\",\"@id\":\"https:\/\/www.jamonesnevadensis.com\/en\/history\/#breadcrumb\",\"itemListElement\":[{\"@type\":\"ListItem\",\"position\":1,\"name\":\"Portada\",\"item\":\"https:\/\/www.jamonesnevadensis.com\/en\/\"},{\"@type\":\"ListItem\",\"position\":2,\"name\":\"History\"}]},{\"@type\":\"WebSite\",\"@id\":\"https:\/\/www.jamonesnevadensis.com\/#website\",\"url\":\"https:\/\/www.jamonesnevadensis.com\/\",\"name\":\"Jamones Nevadensis\",\"description\":\"\",\"publisher\":{\"@id\":\"https:\/\/www.jamonesnevadensis.com\/#organization\"},\"potentialAction\":[{\"@type\":\"SearchAction\",\"target\":{\"@type\":\"EntryPoint\",\"urlTemplate\":\"https:\/\/www.jamonesnevadensis.com\/?s={search_term_string}\"},\"query-input\":{\"@type\":\"PropertyValueSpecification\",\"valueRequired\":true,\"valueName\":\"search_term_string\"}}],\"inLanguage\":\"en-US\"},{\"@type\":\"Organization\",\"@id\":\"https:\/\/www.jamonesnevadensis.com\/#organization\",\"name\":\"Jamones Nevadensis\",\"url\":\"https:\/\/www.jamonesnevadensis.com\/\",\"logo\":{\"@type\":\"ImageObject\",\"inLanguage\":\"en-US\",\"@id\":\"https:\/\/www.jamonesnevadensis.com\/#\/schema\/logo\/image\/\",\"url\":\"https:\/\/www.jamonesnevadensis.com\/wp-content\/uploads\/2024\/02\/Grupo-90.svg\",\"contentUrl\":\"https:\/\/www.jamonesnevadensis.com\/wp-content\/uploads\/2024\/02\/Grupo-90.svg\",\"width\":260,\"height\":46,\"caption\":\"Jamones Nevadensis\"},\"image\":{\"@id\":\"https:\/\/www.jamonesnevadensis.com\/#\/schema\/logo\/image\/\"},\"sameAs\":[\"https:\/\/www.facebook.com\/jamones.nevadensis\/?locale=es_ES\",\"https:\/\/www.instagram.com\/jamonesnevadensis\/\",\"https:\/\/www.youtube.com\/@Jamonesnevadensisdetrevelez\"]}]}<\/script>\n<!-- \/ Yoast SEO plugin. -->","yoast_head_json":{"title":"History - Jamones Nevadensis","robots":{"index":"index","follow":"follow","max-snippet":"max-snippet:-1","max-image-preview":"max-image-preview:large","max-video-preview":"max-video-preview:-1"},"canonical":"https:\/\/www.jamonesnevadensis.com\/en\/history\/","og_locale":"en_US","og_type":"article","og_title":"History - Jamones Nevadensis","og_description":"History Nevadensis TREV\u00c9LEZ, A VILLAGE WITH MORE THAN 200 YEARS OF HISTORY CURING HAMS UNDER THE UMBRELLA OF SIERRA NEVADA Hams protected since 2005 under European protection through the \u2018Protected Geographical Indication\u2019 (PGI), Jam\u00f3n de Trev\u00e9lez. Jamones de Trev\u00e9lez: a tradition of flavour and quality The village of Trev\u00e9lez and its tradition in the curing [&hellip;]","og_url":"https:\/\/www.jamonesnevadensis.com\/en\/history\/","og_site_name":"Jamones Nevadensis","article_publisher":"https:\/\/www.facebook.com\/jamones.nevadensis\/?locale=es_ES","article_modified_time":"2025-07-04T07:26:43+00:00","og_image":[{"width":1225,"height":1066,"url":"https:\/\/www.jamonesnevadensis.com\/wp-content\/uploads\/2024\/12\/HISTORIA-NEVADENSIS.jpg","type":"image\/jpeg"}],"twitter_card":"summary_large_image","twitter_misc":{"Est. reading time":"1 minute"},"schema":{"@context":"https:\/\/schema.org","@graph":[{"@type":"WebPage","@id":"https:\/\/www.jamonesnevadensis.com\/en\/history\/","url":"https:\/\/www.jamonesnevadensis.com\/en\/history\/","name":"History - Jamones Nevadensis","isPartOf":{"@id":"https:\/\/www.jamonesnevadensis.com\/#website"},"primaryImageOfPage":{"@id":"https:\/\/www.jamonesnevadensis.com\/en\/history\/#primaryimage"},"image":{"@id":"https:\/\/www.jamonesnevadensis.com\/en\/history\/#primaryimage"},"thumbnailUrl":"https:\/\/www.jamonesnevadensis.com\/wp-content\/uploads\/2024\/12\/HISTORIA-NEVADENSIS.jpg","datePublished":"2025-01-14T13:46:07+00:00","dateModified":"2025-07-04T07:26:43+00:00","breadcrumb":{"@id":"https:\/\/www.jamonesnevadensis.com\/en\/history\/#breadcrumb"},"inLanguage":"en-US","potentialAction":[{"@type":"ReadAction","target":["https:\/\/www.jamonesnevadensis.com\/en\/history\/"]}]},{"@type":"ImageObject","inLanguage":"en-US","@id":"https:\/\/www.jamonesnevadensis.com\/en\/history\/#primaryimage","url":"https:\/\/www.jamonesnevadensis.com\/wp-content\/uploads\/2024\/12\/HISTORIA-NEVADENSIS.jpg","contentUrl":"https:\/\/www.jamonesnevadensis.com\/wp-content\/uploads\/2024\/12\/HISTORIA-NEVADENSIS.jpg"},{"@type":"BreadcrumbList","@id":"https:\/\/www.jamonesnevadensis.com\/en\/history\/#breadcrumb","itemListElement":[{"@type":"ListItem","position":1,"name":"Portada","item":"https:\/\/www.jamonesnevadensis.com\/en\/"},{"@type":"ListItem","position":2,"name":"History"}]},{"@type":"WebSite","@id":"https:\/\/www.jamonesnevadensis.com\/#website","url":"https:\/\/www.jamonesnevadensis.com\/","name":"Jamones Nevadensis","description":"","publisher":{"@id":"https:\/\/www.jamonesnevadensis.com\/#organization"},"potentialAction":[{"@type":"SearchAction","target":{"@type":"EntryPoint","urlTemplate":"https:\/\/www.jamonesnevadensis.com\/?s={search_term_string}"},"query-input":{"@type":"PropertyValueSpecification","valueRequired":true,"valueName":"search_term_string"}}],"inLanguage":"en-US"},{"@type":"Organization","@id":"https:\/\/www.jamonesnevadensis.com\/#organization","name":"Jamones Nevadensis","url":"https:\/\/www.jamonesnevadensis.com\/","logo":{"@type":"ImageObject","inLanguage":"en-US","@id":"https:\/\/www.jamonesnevadensis.com\/#\/schema\/logo\/image\/","url":"https:\/\/www.jamonesnevadensis.com\/wp-content\/uploads\/2024\/02\/Grupo-90.svg","contentUrl":"https:\/\/www.jamonesnevadensis.com\/wp-content\/uploads\/2024\/02\/Grupo-90.svg","width":260,"height":46,"caption":"Jamones Nevadensis"},"image":{"@id":"https:\/\/www.jamonesnevadensis.com\/#\/schema\/logo\/image\/"},"sameAs":["https:\/\/www.facebook.com\/jamones.nevadensis\/?locale=es_ES","https:\/\/www.instagram.com\/jamonesnevadensis\/","https:\/\/www.youtube.com\/@Jamonesnevadensisdetrevelez"]}]}},"_links":{"self":[{"href":"https:\/\/www.jamonesnevadensis.com\/en\/wp-json\/wp\/v2\/pages\/2725","targetHints":{"allow":["GET"]}}],"collection":[{"href":"https:\/\/www.jamonesnevadensis.com\/en\/wp-json\/wp\/v2\/pages"}],"about":[{"href":"https:\/\/www.jamonesnevadensis.com\/en\/wp-json\/wp\/v2\/types\/page"}],"author":[{"embeddable":true,"href":"https:\/\/www.jamonesnevadensis.com\/en\/wp-json\/wp\/v2\/users\/1"}],"replies":[{"embeddable":true,"href":"https:\/\/www.jamonesnevadensis.com\/en\/wp-json\/wp\/v2\/comments?post=2725"}],"version-history":[{"count":0,"href":"https:\/\/www.jamonesnevadensis.com\/en\/wp-json\/wp\/v2\/pages\/2725\/revisions"}],"wp:attachment":[{"href":"https:\/\/www.jamonesnevadensis.com\/en\/wp-json\/wp\/v2\/media?parent=2725"}],"curies":[{"name":"wp","href":"https:\/\/api.w.org\/{rel}","templated":true}]}}