{"id":2727,"date":"2025-01-14T14:45:36","date_gmt":"2025-01-14T13:45:36","guid":{"rendered":"https:\/\/nevadensis.witdesarrollo2.es\/artisans\/"},"modified":"2025-07-04T09:33:12","modified_gmt":"2025-07-04T07:33:12","slug":"artisans","status":"publish","type":"page","link":"https:\/\/www.jamonesnevadensis.com\/en\/artisans\/","title":{"rendered":"Artisans"},"content":{"rendered":"\t\t<div data-elementor-type=\"wp-page\" data-elementor-id=\"2727\" class=\"elementor elementor-2727 elementor-522\" data-elementor-post-type=\"page\">\n\t\t\t\t<div class=\"elementor-element elementor-element-8dc5ab4 e-con-full e-flex e-con e-parent\" data-id=\"8dc5ab4\" data-element_type=\"container\" data-settings=\"{&quot;background_background&quot;:&quot;classic&quot;}\">\n\t\t\t\t<\/div>\n\t\t<div class=\"elementor-element elementor-element-d9d2aa4 e-con-full e-flex e-con e-parent\" data-id=\"d9d2aa4\" data-element_type=\"container\" data-settings=\"{&quot;background_background&quot;:&quot;classic&quot;}\">\n\t\t<div class=\"elementor-element elementor-element-c7c31a8 e-con-full e-flex e-con e-child\" data-id=\"c7c31a8\" data-element_type=\"container\">\n\t\t<div class=\"elementor-element elementor-element-d62fcf9 e-con-full e-flex e-con e-child\" data-id=\"d62fcf9\" data-element_type=\"container\">\n\t\t\t\t<div class=\"elementor-element elementor-element-cba471b elementor-widget elementor-widget-heading\" data-id=\"cba471b\" data-element_type=\"widget\" data-widget_type=\"heading.default\">\n\t\t\t\t<div class=\"elementor-widget-container\">\n\t\t\t\t\t<h2 class=\"elementor-heading-title elementor-size-default\">Artisans<\/h2>\t\t\t\t<\/div>\n\t\t\t\t<\/div>\n\t\t\t\t<\/div>\n\t\t<div class=\"elementor-element elementor-element-15b5561 e-con-full e-flex e-con e-child\" data-id=\"15b5561\" data-element_type=\"container\">\n\t\t\t\t<div class=\"elementor-element elementor-element-9e5a828 elementor-widget elementor-widget-text-editor\" data-id=\"9e5a828\" data-element_type=\"widget\" data-widget_type=\"text-editor.default\">\n\t\t\t\t<div class=\"elementor-widget-container\">\n\t\t\t\t\t\t\t\t\t<p style=\"text-align: right;\"><strong>Jamones Nevadensis is the dream of <span style=\"color: #e6ad4f;\">JOAQU\u00cdN GALLEGOS<\/span><\/strong>, born and raised in the village of Trev\u00e9lez.<\/p>\t\t\t\t\t\t\t\t<\/div>\n\t\t\t\t<\/div>\n\t\t\t\t<\/div>\n\t\t\t\t<\/div>\n\t\t<div class=\"elementor-element elementor-element-603e7dd e-con-full e-flex e-con e-child\" data-id=\"603e7dd\" data-element_type=\"container\">\n\t\t<div class=\"elementor-element elementor-element-ed8c362 e-con-full e-flex e-con e-child\" data-id=\"ed8c362\" data-element_type=\"container\">\n\t\t\t\t<div class=\"elementor-element elementor-element-42fc159 elementor-widget elementor-widget-image\" data-id=\"42fc159\" data-element_type=\"widget\" data-widget_type=\"image.default\">\n\t\t\t\t<div class=\"elementor-widget-container\">\n\t\t\t\t\t\t\t\t\t\t\t\t\t\t\t<img fetchpriority=\"high\" decoding=\"async\" width=\"1000\" height=\"1000\" src=\"https:\/\/www.jamonesnevadensis.com\/wp-content\/uploads\/2025\/03\/20_11zon.webp\" class=\"attachment-full size-full wp-image-2558\" alt=\"Joaqu\u00edn, el artesano del jam\u00f3n\" srcset=\"https:\/\/www.jamonesnevadensis.com\/wp-content\/uploads\/2025\/03\/20_11zon.webp 1000w, https:\/\/www.jamonesnevadensis.com\/wp-content\/uploads\/2025\/03\/20_11zon-400x400.webp 400w, https:\/\/www.jamonesnevadensis.com\/wp-content\/uploads\/2025\/03\/20_11zon-600x600.webp 600w, https:\/\/www.jamonesnevadensis.com\/wp-content\/uploads\/2025\/03\/20_11zon-300x300.webp 300w, https:\/\/www.jamonesnevadensis.com\/wp-content\/uploads\/2025\/03\/20_11zon-150x150.webp 150w, https:\/\/www.jamonesnevadensis.com\/wp-content\/uploads\/2025\/03\/20_11zon-768x768.webp 768w\" sizes=\"(max-width: 1000px) 100vw, 1000px\" \/>\t\t\t\t\t\t\t\t\t\t\t\t\t\t\t<\/div>\n\t\t\t\t<\/div>\n\t\t\t\t<\/div>\n\t\t<div class=\"elementor-element elementor-element-ac675c0 e-con-full e-flex e-con e-child\" data-id=\"ac675c0\" data-element_type=\"container\">\n\t\t\t\t<div class=\"elementor-element elementor-element-dacc1a6 elementor-widget elementor-widget-text-editor\" data-id=\"dacc1a6\" data-element_type=\"widget\" data-widget_type=\"text-editor.default\">\n\t\t\t\t<div class=\"elementor-widget-container\">\n\t\t\t\t\t\t\t\t\t<p>The spearhead of the Sierra Nevada, where the peaks touch the sky and the pure air caresses the mountains.<\/p>\t\t\t\t\t\t\t\t<\/div>\n\t\t\t\t<\/div>\n\t\t\t\t<div class=\"elementor-element elementor-element-d836274 elementor-widget elementor-widget-text-editor\" data-id=\"d836274\" data-element_type=\"widget\" data-widget_type=\"text-editor.default\">\n\t\t\t\t<div class=\"elementor-widget-container\">\n\t\t\t\t\t\t\t\t\t<p>Joaqu\u00edn, after taking over a small family-run hotel, undertook the purchase of the first ham dryer, which was the starting point of Jamones Nevadensis, back in 1993.<\/p><p>At the age of 20, Joaqu\u00edn immersed himself in the centuries-old tradition of Jam\u00f3n de Trev\u00e9lez. In 2001, he founded Jamones Nevadensis, taking the name of a plant endemic to these lands: the white mountain saffron (Crucus Nevadensis), a symbol of our roots and of the purity that defines each of our products.<\/p>\t\t\t\t\t\t\t\t<\/div>\n\t\t\t\t<\/div>\n\t\t\t\t<div class=\"elementor-element elementor-element-47fc575 elementor-widget elementor-widget-video\" data-id=\"47fc575\" data-element_type=\"widget\" data-settings=\"{&quot;video_type&quot;:&quot;hosted&quot;,&quot;controls&quot;:&quot;yes&quot;}\" data-widget_type=\"video.default\">\n\t\t\t\t<div class=\"elementor-widget-container\">\n\t\t\t\t\t\t\t<div class=\"e-hosted-video elementor-wrapper elementor-open-inline\">\n\t\t\t\t\t<video class=\"elementor-video\" src=\"https:\/\/www.jamonesnevadensis.com\/wp-content\/uploads\/2025\/05\/JOAQUIN-GALLEGOS-GERENTE-historia-Nevadensis.mp4\" controls=\"\" preload=\"metadata\" controlsList=\"nodownload\" poster=\"https:\/\/www.jamonesnevadensis.com\/wp-content\/uploads\/2025\/05\/artesanos-joaquin-nevadensis.webp\"><\/video>\n\t\t\t\t<\/div>\n\t\t\t\t\t\t<\/div>\n\t\t\t\t<\/div>\n\t\t\t\t<\/div>\n\t\t\t\t<\/div>\n\t\t\t\t<\/div>\n\t\t<div class=\"elementor-element elementor-element-6ae7c13 e-con-full e-flex e-con e-parent\" data-id=\"6ae7c13\" data-element_type=\"container\" data-settings=\"{&quot;background_background&quot;:&quot;classic&quot;}\">\n\t\t<div class=\"elementor-element elementor-element-487abe5 e-con-full e-flex e-con e-child\" data-id=\"487abe5\" data-element_type=\"container\">\n\t\t\t\t<div class=\"elementor-element elementor-element-f9e773b elementor-widget__width-initial elementor-widget elementor-widget-heading\" data-id=\"f9e773b\" data-element_type=\"widget\" data-widget_type=\"heading.default\">\n\t\t\t\t<div class=\"elementor-widget-container\">\n\t\t\t\t\t<span class=\"elementor-heading-title elementor-size-default\">Who is behind each craft?<\/span>\t\t\t\t<\/div>\n\t\t\t\t<\/div>\n\t\t\t\t<\/div>\n\t\t<div class=\"elementor-element elementor-element-07dade0 e-con-full e-flex e-con e-child\" data-id=\"07dade0\" data-element_type=\"container\">\n\t\t<div class=\"elementor-element elementor-element-b26d9c9 e-con-full e-flex e-con e-child\" data-id=\"b26d9c9\" data-element_type=\"container\">\n\t\t\t\t<div class=\"elementor-element elementor-element-29b4eed elementor-widget elementor-widget-video\" data-id=\"29b4eed\" data-element_type=\"widget\" data-settings=\"{&quot;video_type&quot;:&quot;hosted&quot;,&quot;controls&quot;:&quot;yes&quot;}\" data-widget_type=\"video.default\">\n\t\t\t\t<div class=\"elementor-widget-container\">\n\t\t\t\t\t\t\t<div class=\"e-hosted-video elementor-wrapper elementor-open-inline\">\n\t\t\t\t\t<video class=\"elementor-video\" src=\"https:\/\/www.jamonesnevadensis.com\/wp-content\/uploads\/2025\/05\/JESUS-PEREZ-ENCARGADO-DE-ALMACEN-proceso-recepcion-de-fresco.mp4\" controls=\"\" preload=\"metadata\" controlsList=\"nodownload\"><\/video>\n\t\t\t\t<\/div>\n\t\t\t\t\t\t<\/div>\n\t\t\t\t<\/div>\n\t\t<div class=\"elementor-element elementor-element-ebd47a2 e-con-full e-flex e-con e-child\" data-id=\"ebd47a2\" data-element_type=\"container\">\n\t\t\t\t<div class=\"elementor-element elementor-element-77062da elementor-widget elementor-widget-text-editor\" data-id=\"77062da\" data-element_type=\"widget\" data-widget_type=\"text-editor.default\">\n\t\t\t\t<div class=\"elementor-widget-container\">\n\t\t\t\t\t\t\t\t\tJes\u00fas P\u00e9rez is the Cellar Master and supervisor of the reception process.\t\t\t\t\t\t\t\t<\/div>\n\t\t\t\t<\/div>\n\t\t\t\t<div class=\"elementor-element elementor-element-9b6d7e0 elementor-widget elementor-widget-text-editor\" data-id=\"9b6d7e0\" data-element_type=\"widget\" data-widget_type=\"text-editor.default\">\n\t\t\t\t<div class=\"elementor-widget-container\">\n\t\t\t\t\t\t\t\t\tThe cellars are the place where the hams are cured and rest, hung in such a way as to favour clean air currents coming from the Sierra. Our hams rest at the pace of nature, absorbing the benefits of the climate and the unique environment of the Sierra Nevada, without the intervention of artificial processes. These cellars each contain a unique microflora that influences the final nuances of the hams. The specific microclimate of our cellars, together with the natural bacterial flora that inhabits them, plays an essential role in the maturation of the ham, contributing to its characteristic aroma and texture.\t\t\t\t\t\t\t\t<\/div>\n\t\t\t\t<\/div>\n\t\t\t\t<\/div>\n\t\t\t\t<\/div>\n\t\t<div class=\"elementor-element elementor-element-4c23e54 e-con-full e-flex e-con e-child\" data-id=\"4c23e54\" data-element_type=\"container\" data-settings=\"{&quot;background_background&quot;:&quot;classic&quot;}\">\n\t\t<div class=\"elementor-element elementor-element-081b15b e-con-full e-flex e-con e-child\" data-id=\"081b15b\" data-element_type=\"container\">\n\t\t\t\t<div class=\"elementor-element elementor-element-ba056df elementor-widget elementor-widget-text-editor\" data-id=\"ba056df\" data-element_type=\"widget\" data-widget_type=\"text-editor.default\">\n\t\t\t\t<div class=\"elementor-widget-container\">\n\t\t\t\t\t\t\t\t\tGerardo Mart\u00edn is the profiler of our hams.\t\t\t\t\t\t\t\t<\/div>\n\t\t\t\t<\/div>\n\t\t\t\t<div class=\"elementor-element elementor-element-98df8e5 elementor-widget elementor-widget-text-editor\" data-id=\"98df8e5\" data-element_type=\"widget\" data-widget_type=\"text-editor.default\">\n\t\t\t\t<div class=\"elementor-widget-container\">\n\t\t\t\t\t\t\t\t\t<p>Profiling is the art of precisely shaping the ham before curing begins, removing only the necessary subcutaneous fat, and leaving the necessary to ensure that the meat and fat are evenly distributed.<\/p>\t\t\t\t\t\t\t\t<\/div>\n\t\t\t\t<\/div>\n\t\t\t\t<\/div>\n\t\t<div class=\"elementor-element elementor-element-f579aba e-con-full e-flex e-con e-child\" data-id=\"f579aba\" data-element_type=\"container\" data-settings=\"{&quot;background_background&quot;:&quot;classic&quot;}\">\n\t\t\t\t<div class=\"elementor-element elementor-element-a81d3e3 elementor-widget elementor-widget-video\" data-id=\"a81d3e3\" data-element_type=\"widget\" data-settings=\"{&quot;video_type&quot;:&quot;hosted&quot;,&quot;controls&quot;:&quot;yes&quot;}\" data-widget_type=\"video.default\">\n\t\t\t\t<div class=\"elementor-widget-container\">\n\t\t\t\t\t\t\t<div class=\"e-hosted-video elementor-wrapper elementor-open-inline\">\n\t\t\t\t\t<video class=\"elementor-video\" src=\"https:\/\/www.jamonesnevadensis.com\/wp-content\/uploads\/2025\/05\/GERARDO-MARTIN-proceso-mantecado.mp4\" controls=\"\" preload=\"metadata\" controlsList=\"nodownload\"><\/video>\n\t\t\t\t<\/div>\n\t\t\t\t\t\t<\/div>\n\t\t\t\t<\/div>\n\t\t\t\t<\/div>\n\t\t\t\t<\/div>\n\t\t<div class=\"elementor-element elementor-element-21cf3f8 e-con-full e-flex e-con e-child\" data-id=\"21cf3f8\" data-element_type=\"container\">\n\t\t\t\t<div class=\"elementor-element elementor-element-908742d elementor-widget elementor-widget-video\" data-id=\"908742d\" data-element_type=\"widget\" data-settings=\"{&quot;video_type&quot;:&quot;hosted&quot;,&quot;controls&quot;:&quot;yes&quot;}\" data-widget_type=\"video.default\">\n\t\t\t\t<div class=\"elementor-widget-container\">\n\t\t\t\t\t\t\t<div class=\"e-hosted-video elementor-wrapper elementor-open-inline\">\n\t\t\t\t\t<video class=\"elementor-video\" src=\"https:\/\/www.jamonesnevadensis.com\/wp-content\/uploads\/2025\/05\/LUIS-QUIRANTES-Proceso-salado.mp4\" controls=\"\" preload=\"metadata\" controlsList=\"nodownload\"><\/video>\n\t\t\t\t<\/div>\n\t\t\t\t\t\t<\/div>\n\t\t\t\t<\/div>\n\t\t<div class=\"elementor-element elementor-element-bb2eac1 e-con-full e-flex e-con e-child\" data-id=\"bb2eac1\" data-element_type=\"container\">\n\t\t\t\t<div class=\"elementor-element elementor-element-d67155f elementor-widget elementor-widget-text-editor\" data-id=\"d67155f\" data-element_type=\"widget\" data-widget_type=\"text-editor.default\">\n\t\t\t\t<div class=\"elementor-widget-container\">\n\t\t\t\t\t\t\t\t\t<p>Luis Quirantes is in charge of the salting of the hams.<\/p>\t\t\t\t\t\t\t\t<\/div>\n\t\t\t\t<\/div>\n\t\t\t\t<div class=\"elementor-element elementor-element-a96cdf8 elementor-widget elementor-widget-text-editor\" data-id=\"a96cdf8\" data-element_type=\"widget\" data-widget_type=\"text-editor.default\">\n\t\t\t\t<div class=\"elementor-widget-container\">\n\t\t\t\t\t\t\t\t\t<p>Salting, in which we only use sea salt to the right extent, is a delicate process that directly influences the flavour and final quality of the ham. It is here that its character begins to develop, ensuring that the ham acquires just the right amount of salt to preserve it without losing its natural sweetness.<\/p>\t\t\t\t\t\t\t\t<\/div>\n\t\t\t\t<\/div>\n\t\t\t\t<\/div>\n\t\t\t\t<\/div>\n\t\t\t\t<\/div>\n\t\t\t\t<\/div>\n\t\t<div class=\"elementor-element elementor-element-f963778 e-con-full e-flex e-con e-parent\" data-id=\"f963778\" data-element_type=\"container\" data-settings=\"{&quot;background_background&quot;:&quot;classic&quot;}\">\n\t\t<div class=\"elementor-element elementor-element-ad6cb5e e-con-full e-flex e-con e-child\" data-id=\"ad6cb5e\" data-element_type=\"container\">\n\t\t<div class=\"elementor-element elementor-element-3af91ed e-con-full e-flex e-con e-child\" data-id=\"3af91ed\" data-element_type=\"container\">\n\t\t\t\t<div class=\"elementor-element elementor-element-543cff8 elementor-widget__width-initial elementor-widget elementor-widget-text-editor\" data-id=\"543cff8\" data-element_type=\"widget\" data-widget_type=\"text-editor.default\">\n\t\t\t\t<div class=\"elementor-widget-container\">\n\t\t\t\t\t\t\t\t\t<p><strong><span style=\"font-family: Noto Serif Lao;\">Each piece of ham we produce follows the same artisan techniques<\/span><\/strong>, cured under the umbrella of the purity of the clean air of the Sierra Nevada. No additives or preservatives, such as sodium nitrates and nitrites, are used.<\/p>\t\t\t\t\t\t\t\t<\/div>\n\t\t\t\t<\/div>\n\t\t\t\t<\/div>\n\t\t<div class=\"elementor-element elementor-element-de3c6b6 e-con-full e-flex e-con e-child\" data-id=\"de3c6b6\" data-element_type=\"container\">\n\t\t\t\t<div class=\"elementor-element elementor-element-e5070ad elementor-widget elementor-widget-image\" data-id=\"e5070ad\" data-element_type=\"widget\" data-widget_type=\"image.default\">\n\t\t\t\t<div class=\"elementor-widget-container\">\n\t\t\t\t\t\t\t\t\t\t\t\t\t\t\t<img decoding=\"async\" width=\"574\" height=\"556\" src=\"https:\/\/www.jamonesnevadensis.com\/wp-content\/uploads\/2024\/12\/sellos-jamon-de-trevelez.png\" class=\"attachment-full size-full wp-image-2497\" alt=\"sellos jamon de trevelez\" srcset=\"https:\/\/www.jamonesnevadensis.com\/wp-content\/uploads\/2024\/12\/sellos-jamon-de-trevelez.png 574w, https:\/\/www.jamonesnevadensis.com\/wp-content\/uploads\/2024\/12\/sellos-jamon-de-trevelez-400x387.png 400w, https:\/\/www.jamonesnevadensis.com\/wp-content\/uploads\/2024\/12\/sellos-jamon-de-trevelez-300x291.png 300w\" sizes=\"(max-width: 574px) 100vw, 574px\" \/>\t\t\t\t\t\t\t\t\t\t\t\t\t\t\t<\/div>\n\t\t\t\t<\/div>\n\t\t\t\t<\/div>\n\t\t<div class=\"elementor-element elementor-element-dacabdc e-con-full e-flex e-con e-child\" data-id=\"dacabdc\" data-element_type=\"container\">\n\t\t\t\t<div class=\"elementor-element elementor-element-5fbd96c elementor-widget__width-initial elementor-widget elementor-widget-text-editor\" data-id=\"5fbd96c\" data-element_type=\"widget\" data-widget_type=\"text-editor.default\">\n\t\t\t\t<div class=\"elementor-widget-container\">\n\t\t\t\t\t\t\t\t\t<p>Only sea salt, thus guaranteeing a healthy, natural product without any allergens (Lactose or Gluten to name the most important) and by default delicious.<\/p>\t\t\t\t\t\t\t\t<\/div>\n\t\t\t\t<\/div>\n\t\t\t\t<\/div>\n\t\t\t\t<\/div>\n\t\t\t\t<\/div>\n\t\t\t\t<\/div>\n\t\t","protected":false},"excerpt":{"rendered":"<p>Artisans Jamones Nevadensis is the dream of JOAQU\u00cdN GALLEGOS, born and raised in the village of Trev\u00e9lez. The spearhead of the Sierra Nevada, where the peaks touch the sky and the pure air caresses the mountains. Joaqu\u00edn, after taking over a small family-run hotel, undertook the purchase of the first ham dryer, which was the [&hellip;]<\/p>\n","protected":false},"author":1,"featured_media":0,"parent":0,"menu_order":0,"comment_status":"closed","ping_status":"closed","template":"","meta":{"footnotes":""},"class_list":["post-2727","page","type-page","status-publish","hentry"],"yoast_head":"<!-- This site is optimized with the Yoast SEO plugin v25.9 - https:\/\/yoast.com\/wordpress\/plugins\/seo\/ -->\n<title>Artisans - Jamones Nevadensis<\/title>\n<meta name=\"robots\" content=\"index, follow, max-snippet:-1, max-image-preview:large, max-video-preview:-1\" \/>\n<link rel=\"canonical\" href=\"https:\/\/www.jamonesnevadensis.com\/en\/artisans\/\" \/>\n<meta property=\"og:locale\" content=\"en_US\" \/>\n<meta property=\"og:type\" content=\"article\" \/>\n<meta property=\"og:title\" content=\"Artisans - Jamones Nevadensis\" \/>\n<meta property=\"og:description\" content=\"Artisans Jamones Nevadensis is the dream of JOAQU\u00cdN GALLEGOS, born and raised in the village of Trev\u00e9lez. The spearhead of the Sierra Nevada, where the peaks touch the sky and the pure air caresses the mountains. Joaqu\u00edn, after taking over a small family-run hotel, undertook the purchase of the first ham dryer, which was the [&hellip;]\" \/>\n<meta property=\"og:url\" content=\"https:\/\/www.jamonesnevadensis.com\/en\/artisans\/\" \/>\n<meta property=\"og:site_name\" content=\"Jamones Nevadensis\" \/>\n<meta property=\"article:publisher\" content=\"https:\/\/www.facebook.com\/jamones.nevadensis\/?locale=es_ES\" \/>\n<meta property=\"article:modified_time\" content=\"2025-07-04T07:33:12+00:00\" \/>\n<meta property=\"og:image\" content=\"https:\/\/www.jamonesnevadensis.com\/wp-content\/uploads\/2025\/03\/20_11zon.webp\" \/>\n\t<meta property=\"og:image:width\" content=\"1000\" \/>\n\t<meta property=\"og:image:height\" content=\"1000\" \/>\n\t<meta property=\"og:image:type\" content=\"image\/webp\" \/>\n<meta name=\"twitter:card\" content=\"summary_large_image\" \/>\n<meta name=\"twitter:label1\" content=\"Est. reading time\" \/>\n\t<meta name=\"twitter:data1\" content=\"2 minutes\" \/>\n<script type=\"application\/ld+json\" class=\"yoast-schema-graph\">{\"@context\":\"https:\/\/schema.org\",\"@graph\":[{\"@type\":\"WebPage\",\"@id\":\"https:\/\/www.jamonesnevadensis.com\/en\/artisans\/\",\"url\":\"https:\/\/www.jamonesnevadensis.com\/en\/artisans\/\",\"name\":\"Artisans - Jamones Nevadensis\",\"isPartOf\":{\"@id\":\"https:\/\/www.jamonesnevadensis.com\/#website\"},\"primaryImageOfPage\":{\"@id\":\"https:\/\/www.jamonesnevadensis.com\/en\/artisans\/#primaryimage\"},\"image\":{\"@id\":\"https:\/\/www.jamonesnevadensis.com\/en\/artisans\/#primaryimage\"},\"thumbnailUrl\":\"https:\/\/www.jamonesnevadensis.com\/wp-content\/uploads\/2025\/03\/20_11zon.webp\",\"datePublished\":\"2025-01-14T13:45:36+00:00\",\"dateModified\":\"2025-07-04T07:33:12+00:00\",\"breadcrumb\":{\"@id\":\"https:\/\/www.jamonesnevadensis.com\/en\/artisans\/#breadcrumb\"},\"inLanguage\":\"en-US\",\"potentialAction\":[{\"@type\":\"ReadAction\",\"target\":[\"https:\/\/www.jamonesnevadensis.com\/en\/artisans\/\"]}]},{\"@type\":\"ImageObject\",\"inLanguage\":\"en-US\",\"@id\":\"https:\/\/www.jamonesnevadensis.com\/en\/artisans\/#primaryimage\",\"url\":\"https:\/\/www.jamonesnevadensis.com\/wp-content\/uploads\/2025\/03\/20_11zon.webp\",\"contentUrl\":\"https:\/\/www.jamonesnevadensis.com\/wp-content\/uploads\/2025\/03\/20_11zon.webp\"},{\"@type\":\"BreadcrumbList\",\"@id\":\"https:\/\/www.jamonesnevadensis.com\/en\/artisans\/#breadcrumb\",\"itemListElement\":[{\"@type\":\"ListItem\",\"position\":1,\"name\":\"Portada\",\"item\":\"https:\/\/www.jamonesnevadensis.com\/en\/\"},{\"@type\":\"ListItem\",\"position\":2,\"name\":\"Artisans\"}]},{\"@type\":\"WebSite\",\"@id\":\"https:\/\/www.jamonesnevadensis.com\/#website\",\"url\":\"https:\/\/www.jamonesnevadensis.com\/\",\"name\":\"Jamones Nevadensis\",\"description\":\"\",\"publisher\":{\"@id\":\"https:\/\/www.jamonesnevadensis.com\/#organization\"},\"potentialAction\":[{\"@type\":\"SearchAction\",\"target\":{\"@type\":\"EntryPoint\",\"urlTemplate\":\"https:\/\/www.jamonesnevadensis.com\/?s={search_term_string}\"},\"query-input\":{\"@type\":\"PropertyValueSpecification\",\"valueRequired\":true,\"valueName\":\"search_term_string\"}}],\"inLanguage\":\"en-US\"},{\"@type\":\"Organization\",\"@id\":\"https:\/\/www.jamonesnevadensis.com\/#organization\",\"name\":\"Jamones Nevadensis\",\"url\":\"https:\/\/www.jamonesnevadensis.com\/\",\"logo\":{\"@type\":\"ImageObject\",\"inLanguage\":\"en-US\",\"@id\":\"https:\/\/www.jamonesnevadensis.com\/#\/schema\/logo\/image\/\",\"url\":\"https:\/\/www.jamonesnevadensis.com\/wp-content\/uploads\/2024\/02\/Grupo-90.svg\",\"contentUrl\":\"https:\/\/www.jamonesnevadensis.com\/wp-content\/uploads\/2024\/02\/Grupo-90.svg\",\"width\":260,\"height\":46,\"caption\":\"Jamones Nevadensis\"},\"image\":{\"@id\":\"https:\/\/www.jamonesnevadensis.com\/#\/schema\/logo\/image\/\"},\"sameAs\":[\"https:\/\/www.facebook.com\/jamones.nevadensis\/?locale=es_ES\",\"https:\/\/www.instagram.com\/jamonesnevadensis\/\",\"https:\/\/www.youtube.com\/@Jamonesnevadensisdetrevelez\"]}]}<\/script>\n<!-- \/ Yoast SEO plugin. -->","yoast_head_json":{"title":"Artisans - Jamones Nevadensis","robots":{"index":"index","follow":"follow","max-snippet":"max-snippet:-1","max-image-preview":"max-image-preview:large","max-video-preview":"max-video-preview:-1"},"canonical":"https:\/\/www.jamonesnevadensis.com\/en\/artisans\/","og_locale":"en_US","og_type":"article","og_title":"Artisans - Jamones Nevadensis","og_description":"Artisans Jamones Nevadensis is the dream of JOAQU\u00cdN GALLEGOS, born and raised in the village of Trev\u00e9lez. The spearhead of the Sierra Nevada, where the peaks touch the sky and the pure air caresses the mountains. Joaqu\u00edn, after taking over a small family-run hotel, undertook the purchase of the first ham dryer, which was the [&hellip;]","og_url":"https:\/\/www.jamonesnevadensis.com\/en\/artisans\/","og_site_name":"Jamones Nevadensis","article_publisher":"https:\/\/www.facebook.com\/jamones.nevadensis\/?locale=es_ES","article_modified_time":"2025-07-04T07:33:12+00:00","og_image":[{"width":1000,"height":1000,"url":"https:\/\/www.jamonesnevadensis.com\/wp-content\/uploads\/2025\/03\/20_11zon.webp","type":"image\/webp"}],"twitter_card":"summary_large_image","twitter_misc":{"Est. reading time":"2 minutes"},"schema":{"@context":"https:\/\/schema.org","@graph":[{"@type":"WebPage","@id":"https:\/\/www.jamonesnevadensis.com\/en\/artisans\/","url":"https:\/\/www.jamonesnevadensis.com\/en\/artisans\/","name":"Artisans - Jamones Nevadensis","isPartOf":{"@id":"https:\/\/www.jamonesnevadensis.com\/#website"},"primaryImageOfPage":{"@id":"https:\/\/www.jamonesnevadensis.com\/en\/artisans\/#primaryimage"},"image":{"@id":"https:\/\/www.jamonesnevadensis.com\/en\/artisans\/#primaryimage"},"thumbnailUrl":"https:\/\/www.jamonesnevadensis.com\/wp-content\/uploads\/2025\/03\/20_11zon.webp","datePublished":"2025-01-14T13:45:36+00:00","dateModified":"2025-07-04T07:33:12+00:00","breadcrumb":{"@id":"https:\/\/www.jamonesnevadensis.com\/en\/artisans\/#breadcrumb"},"inLanguage":"en-US","potentialAction":[{"@type":"ReadAction","target":["https:\/\/www.jamonesnevadensis.com\/en\/artisans\/"]}]},{"@type":"ImageObject","inLanguage":"en-US","@id":"https:\/\/www.jamonesnevadensis.com\/en\/artisans\/#primaryimage","url":"https:\/\/www.jamonesnevadensis.com\/wp-content\/uploads\/2025\/03\/20_11zon.webp","contentUrl":"https:\/\/www.jamonesnevadensis.com\/wp-content\/uploads\/2025\/03\/20_11zon.webp"},{"@type":"BreadcrumbList","@id":"https:\/\/www.jamonesnevadensis.com\/en\/artisans\/#breadcrumb","itemListElement":[{"@type":"ListItem","position":1,"name":"Portada","item":"https:\/\/www.jamonesnevadensis.com\/en\/"},{"@type":"ListItem","position":2,"name":"Artisans"}]},{"@type":"WebSite","@id":"https:\/\/www.jamonesnevadensis.com\/#website","url":"https:\/\/www.jamonesnevadensis.com\/","name":"Jamones Nevadensis","description":"","publisher":{"@id":"https:\/\/www.jamonesnevadensis.com\/#organization"},"potentialAction":[{"@type":"SearchAction","target":{"@type":"EntryPoint","urlTemplate":"https:\/\/www.jamonesnevadensis.com\/?s={search_term_string}"},"query-input":{"@type":"PropertyValueSpecification","valueRequired":true,"valueName":"search_term_string"}}],"inLanguage":"en-US"},{"@type":"Organization","@id":"https:\/\/www.jamonesnevadensis.com\/#organization","name":"Jamones Nevadensis","url":"https:\/\/www.jamonesnevadensis.com\/","logo":{"@type":"ImageObject","inLanguage":"en-US","@id":"https:\/\/www.jamonesnevadensis.com\/#\/schema\/logo\/image\/","url":"https:\/\/www.jamonesnevadensis.com\/wp-content\/uploads\/2024\/02\/Grupo-90.svg","contentUrl":"https:\/\/www.jamonesnevadensis.com\/wp-content\/uploads\/2024\/02\/Grupo-90.svg","width":260,"height":46,"caption":"Jamones Nevadensis"},"image":{"@id":"https:\/\/www.jamonesnevadensis.com\/#\/schema\/logo\/image\/"},"sameAs":["https:\/\/www.facebook.com\/jamones.nevadensis\/?locale=es_ES","https:\/\/www.instagram.com\/jamonesnevadensis\/","https:\/\/www.youtube.com\/@Jamonesnevadensisdetrevelez"]}]}},"_links":{"self":[{"href":"https:\/\/www.jamonesnevadensis.com\/en\/wp-json\/wp\/v2\/pages\/2727","targetHints":{"allow":["GET"]}}],"collection":[{"href":"https:\/\/www.jamonesnevadensis.com\/en\/wp-json\/wp\/v2\/pages"}],"about":[{"href":"https:\/\/www.jamonesnevadensis.com\/en\/wp-json\/wp\/v2\/types\/page"}],"author":[{"embeddable":true,"href":"https:\/\/www.jamonesnevadensis.com\/en\/wp-json\/wp\/v2\/users\/1"}],"replies":[{"embeddable":true,"href":"https:\/\/www.jamonesnevadensis.com\/en\/wp-json\/wp\/v2\/comments?post=2727"}],"version-history":[{"count":0,"href":"https:\/\/www.jamonesnevadensis.com\/en\/wp-json\/wp\/v2\/pages\/2727\/revisions"}],"wp:attachment":[{"href":"https:\/\/www.jamonesnevadensis.com\/en\/wp-json\/wp\/v2\/media?parent=2727"}],"curies":[{"name":"wp","href":"https:\/\/api.w.org\/{rel}","templated":true}]}}