{"id":2749,"date":"2024-07-02T08:52:57","date_gmt":"2024-07-02T06:52:57","guid":{"rendered":"https:\/\/nevadensis.witdesarrollo2.es\/legal-advisor\/"},"modified":"2025-07-04T14:28:45","modified_gmt":"2025-07-04T12:28:45","slug":"legal-advisor","status":"publish","type":"page","link":"https:\/\/www.jamonesnevadensis.com\/en\/legal-advisor\/","title":{"rendered":"Legal Advisor"},"content":{"rendered":"\n<p>JAMONES NEVADENSIS, S.L., en cumplimiento del art\u00edculo 10 de la Ley 34\/2002 de Servicios de la Sociedad de la Informaci\u00f3n y Comercio Electr\u00f3nico, informa:Que es titular del dominio y del sitio web: <a href=\"https:\/\/www.jamonesnevadensis.com\/en\/\">https:\/\/www.jamonesnevadensis.com<\/a><\/p>\n\n<p><strong>Que sus datos identificativos son:<\/strong><\/p>\n\n<p>JAMONES NEVADENSIS, S.L.<br\/>C.I.F. B18577403<br\/>CALLE CARRETERA, 46<br\/>18417 TREVELEZ, GRANADA. ESPA\u00d1A. <\/p>\n\n<p>La utilizaci\u00f3n del sitio web otorga la condici\u00f3n de usuario e implica la plena aceptaci\u00f3n a todas las disposiciones contenidas en este Aviso Legal y en la Pol\u00edtica de Privacidad. Si el usuario no est\u00e1 de acuerdo con las condiciones aqu\u00ed establecidas deber\u00eda desestimar el acceso y la utilizaci\u00f3n del sitio web. <\/p>\n\n<p>El contenido del sitio web es propiedad de JAMONES NEVADENSIS, S.L., y se proh\u00edbe cualquier tipo de copia o reproducci\u00f3n de todo o parte del contenido sin autorizaci\u00f3n expresa de su propietario.<\/p>\n\n<p>El usuario del sitio web se compromete a hacer un uso adecuado del mismo, a no emplearlo para pr\u00e1cticas contrarias a la Ley o la buena fe y a no provocar da\u00f1os en los sistemas f\u00edsicos y l\u00f3gicos de JAMONES NEVADENSIS, S.L.<\/p>\n","protected":false},"excerpt":{"rendered":"<p>JAMONES NEVADENSIS, S.L., en cumplimiento del art\u00edculo 10 de la Ley 34\/2002 de Servicios de la Sociedad de la Informaci\u00f3n y Comercio Electr\u00f3nico, informa:Que es titular del dominio y del sitio web: https:\/\/www.jamonesnevadensis.com Que sus datos identificativos son: JAMONES NEVADENSIS, S.L.C.I.F. B18577403CALLE CARRETERA, 4618417 TREVELEZ, GRANADA. ESPA\u00d1A. La utilizaci\u00f3n del sitio web otorga la condici\u00f3n [&hellip;]<\/p>\n","protected":false},"author":1,"featured_media":0,"parent":0,"menu_order":0,"comment_status":"closed","ping_status":"closed","template":"","meta":{"footnotes":""},"class_list":["post-2749","page","type-page","status-publish","hentry"],"yoast_head":"<!-- This site is optimized with the Yoast SEO plugin v25.9 - https:\/\/yoast.com\/wordpress\/plugins\/seo\/ -->\n<title>Legal Advisor - Jamones Nevadensis<\/title>\n<meta name=\"robots\" content=\"noindex, nofollow\" \/>\n<meta property=\"og:locale\" content=\"en_US\" \/>\n<meta property=\"og:type\" content=\"article\" \/>\n<meta property=\"og:title\" content=\"Legal Advisor - Jamones Nevadensis\" \/>\n<meta property=\"og:description\" content=\"JAMONES NEVADENSIS, S.L., en cumplimiento del art\u00edculo 10 de la Ley 34\/2002 de Servicios de la Sociedad de la Informaci\u00f3n y Comercio Electr\u00f3nico, informa:Que es titular del dominio y del sitio web: https:\/\/www.jamonesnevadensis.com Que sus datos identificativos son: JAMONES NEVADENSIS, S.L.C.I.F. B18577403CALLE CARRETERA, 4618417 TREVELEZ, GRANADA. ESPA\u00d1A. La utilizaci\u00f3n del sitio web otorga la condici\u00f3n [&hellip;]\" \/>\n<meta property=\"og:url\" content=\"https:\/\/www.jamonesnevadensis.com\/en\/legal-advisor\/\" \/>\n<meta property=\"og:site_name\" content=\"Jamones Nevadensis\" \/>\n<meta property=\"article:publisher\" content=\"https:\/\/www.facebook.com\/jamones.nevadensis\/?locale=es_ES\" \/>\n<meta property=\"article:modified_time\" content=\"2025-07-04T12:28:45+00:00\" \/>\n<meta name=\"twitter:card\" content=\"summary_large_image\" \/>\n<meta name=\"twitter:label1\" content=\"Est. reading time\" \/>\n\t<meta name=\"twitter:data1\" content=\"1 minute\" \/>\n<script type=\"application\/ld+json\" class=\"yoast-schema-graph\">{\"@context\":\"https:\/\/schema.org\",\"@graph\":[{\"@type\":\"WebPage\",\"@id\":\"https:\/\/www.jamonesnevadensis.com\/en\/legal-advisor\/\",\"url\":\"https:\/\/www.jamonesnevadensis.com\/en\/legal-advisor\/\",\"name\":\"Legal Advisor - Jamones Nevadensis\",\"isPartOf\":{\"@id\":\"https:\/\/www.jamonesnevadensis.com\/#website\"},\"datePublished\":\"2024-07-02T06:52:57+00:00\",\"dateModified\":\"2025-07-04T12:28:45+00:00\",\"breadcrumb\":{\"@id\":\"https:\/\/www.jamonesnevadensis.com\/en\/legal-advisor\/#breadcrumb\"},\"inLanguage\":\"en-US\",\"potentialAction\":[{\"@type\":\"ReadAction\",\"target\":[\"https:\/\/www.jamonesnevadensis.com\/en\/legal-advisor\/\"]}]},{\"@type\":\"BreadcrumbList\",\"@id\":\"https:\/\/www.jamonesnevadensis.com\/en\/legal-advisor\/#breadcrumb\",\"itemListElement\":[{\"@type\":\"ListItem\",\"position\":1,\"name\":\"Portada\",\"item\":\"https:\/\/www.jamonesnevadensis.com\/en\/\"},{\"@type\":\"ListItem\",\"position\":2,\"name\":\"Legal Advisor\"}]},{\"@type\":\"WebSite\",\"@id\":\"https:\/\/www.jamonesnevadensis.com\/#website\",\"url\":\"https:\/\/www.jamonesnevadensis.com\/\",\"name\":\"Jamones Nevadensis\",\"description\":\"\",\"publisher\":{\"@id\":\"https:\/\/www.jamonesnevadensis.com\/#organization\"},\"potentialAction\":[{\"@type\":\"SearchAction\",\"target\":{\"@type\":\"EntryPoint\",\"urlTemplate\":\"https:\/\/www.jamonesnevadensis.com\/?s={search_term_string}\"},\"query-input\":{\"@type\":\"PropertyValueSpecification\",\"valueRequired\":true,\"valueName\":\"search_term_string\"}}],\"inLanguage\":\"en-US\"},{\"@type\":\"Organization\",\"@id\":\"https:\/\/www.jamonesnevadensis.com\/#organization\",\"name\":\"Jamones Nevadensis\",\"url\":\"https:\/\/www.jamonesnevadensis.com\/\",\"logo\":{\"@type\":\"ImageObject\",\"inLanguage\":\"en-US\",\"@id\":\"https:\/\/www.jamonesnevadensis.com\/#\/schema\/logo\/image\/\",\"url\":\"https:\/\/www.jamonesnevadensis.com\/wp-content\/uploads\/2024\/02\/Grupo-90.svg\",\"contentUrl\":\"https:\/\/www.jamonesnevadensis.com\/wp-content\/uploads\/2024\/02\/Grupo-90.svg\",\"width\":260,\"height\":46,\"caption\":\"Jamones Nevadensis\"},\"image\":{\"@id\":\"https:\/\/www.jamonesnevadensis.com\/#\/schema\/logo\/image\/\"},\"sameAs\":[\"https:\/\/www.facebook.com\/jamones.nevadensis\/?locale=es_ES\",\"https:\/\/www.instagram.com\/jamonesnevadensis\/\",\"https:\/\/www.youtube.com\/@Jamonesnevadensisdetrevelez\"]}]}<\/script>\n<!-- \/ Yoast SEO plugin. -->","yoast_head_json":{"title":"Legal Advisor - Jamones Nevadensis","robots":{"index":"noindex","follow":"nofollow"},"og_locale":"en_US","og_type":"article","og_title":"Legal Advisor - Jamones Nevadensis","og_description":"JAMONES NEVADENSIS, S.L., en cumplimiento del art\u00edculo 10 de la Ley 34\/2002 de Servicios de la Sociedad de la Informaci\u00f3n y Comercio Electr\u00f3nico, informa:Que es titular del dominio y del sitio web: https:\/\/www.jamonesnevadensis.com Que sus datos identificativos son: JAMONES NEVADENSIS, S.L.C.I.F. B18577403CALLE CARRETERA, 4618417 TREVELEZ, GRANADA. ESPA\u00d1A. La utilizaci\u00f3n del sitio web otorga la condici\u00f3n [&hellip;]","og_url":"https:\/\/www.jamonesnevadensis.com\/en\/legal-advisor\/","og_site_name":"Jamones Nevadensis","article_publisher":"https:\/\/www.facebook.com\/jamones.nevadensis\/?locale=es_ES","article_modified_time":"2025-07-04T12:28:45+00:00","twitter_card":"summary_large_image","twitter_misc":{"Est. reading time":"1 minute"},"schema":{"@context":"https:\/\/schema.org","@graph":[{"@type":"WebPage","@id":"https:\/\/www.jamonesnevadensis.com\/en\/legal-advisor\/","url":"https:\/\/www.jamonesnevadensis.com\/en\/legal-advisor\/","name":"Legal Advisor - Jamones Nevadensis","isPartOf":{"@id":"https:\/\/www.jamonesnevadensis.com\/#website"},"datePublished":"2024-07-02T06:52:57+00:00","dateModified":"2025-07-04T12:28:45+00:00","breadcrumb":{"@id":"https:\/\/www.jamonesnevadensis.com\/en\/legal-advisor\/#breadcrumb"},"inLanguage":"en-US","potentialAction":[{"@type":"ReadAction","target":["https:\/\/www.jamonesnevadensis.com\/en\/legal-advisor\/"]}]},{"@type":"BreadcrumbList","@id":"https:\/\/www.jamonesnevadensis.com\/en\/legal-advisor\/#breadcrumb","itemListElement":[{"@type":"ListItem","position":1,"name":"Portada","item":"https:\/\/www.jamonesnevadensis.com\/en\/"},{"@type":"ListItem","position":2,"name":"Legal Advisor"}]},{"@type":"WebSite","@id":"https:\/\/www.jamonesnevadensis.com\/#website","url":"https:\/\/www.jamonesnevadensis.com\/","name":"Jamones Nevadensis","description":"","publisher":{"@id":"https:\/\/www.jamonesnevadensis.com\/#organization"},"potentialAction":[{"@type":"SearchAction","target":{"@type":"EntryPoint","urlTemplate":"https:\/\/www.jamonesnevadensis.com\/?s={search_term_string}"},"query-input":{"@type":"PropertyValueSpecification","valueRequired":true,"valueName":"search_term_string"}}],"inLanguage":"en-US"},{"@type":"Organization","@id":"https:\/\/www.jamonesnevadensis.com\/#organization","name":"Jamones Nevadensis","url":"https:\/\/www.jamonesnevadensis.com\/","logo":{"@type":"ImageObject","inLanguage":"en-US","@id":"https:\/\/www.jamonesnevadensis.com\/#\/schema\/logo\/image\/","url":"https:\/\/www.jamonesnevadensis.com\/wp-content\/uploads\/2024\/02\/Grupo-90.svg","contentUrl":"https:\/\/www.jamonesnevadensis.com\/wp-content\/uploads\/2024\/02\/Grupo-90.svg","width":260,"height":46,"caption":"Jamones Nevadensis"},"image":{"@id":"https:\/\/www.jamonesnevadensis.com\/#\/schema\/logo\/image\/"},"sameAs":["https:\/\/www.facebook.com\/jamones.nevadensis\/?locale=es_ES","https:\/\/www.instagram.com\/jamonesnevadensis\/","https:\/\/www.youtube.com\/@Jamonesnevadensisdetrevelez"]}]}},"_links":{"self":[{"href":"https:\/\/www.jamonesnevadensis.com\/en\/wp-json\/wp\/v2\/pages\/2749","targetHints":{"allow":["GET"]}}],"collection":[{"href":"https:\/\/www.jamonesnevadensis.com\/en\/wp-json\/wp\/v2\/pages"}],"about":[{"href":"https:\/\/www.jamonesnevadensis.com\/en\/wp-json\/wp\/v2\/types\/page"}],"author":[{"embeddable":true,"href":"https:\/\/www.jamonesnevadensis.com\/en\/wp-json\/wp\/v2\/users\/1"}],"replies":[{"embeddable":true,"href":"https:\/\/www.jamonesnevadensis.com\/en\/wp-json\/wp\/v2\/comments?post=2749"}],"version-history":[{"count":0,"href":"https:\/\/www.jamonesnevadensis.com\/en\/wp-json\/wp\/v2\/pages\/2749\/revisions"}],"wp:attachment":[{"href":"https:\/\/www.jamonesnevadensis.com\/en\/wp-json\/wp\/v2\/media?parent=2749"}],"curies":[{"name":"wp","href":"https:\/\/api.w.org\/{rel}","templated":true}]}}