{"id":2796,"date":"2025-05-12T07:58:36","date_gmt":"2025-05-12T05:58:36","guid":{"rendered":"https:\/\/nevadensis.witdesarrollo2.es\/producto\/ham-tacos\/"},"modified":"2025-05-12T07:58:36","modified_gmt":"2025-05-12T05:58:36","slug":"ham-tacos","status":"publish","type":"product","link":"https:\/\/www.jamonesnevadensis.com\/en\/producto\/ham-tacos\/","title":{"rendered":"Ham tacos"},"content":{"rendered":"","protected":false},"excerpt":{"rendered":"<p>Tacos (pieces) of ham from Jam\u00f3n IGP de Trev\u00e9lez, naturally cured for more than 24 months in the Sierra Nevada National Park. With all the characteristics of Trev\u00e9lez Ham, reduced salt content, no artificial additives. Boned in vacuum-packed pieces for easy consumption.<\/p>\n","protected":false},"featured_media":2635,"template":"","meta":[],"product_brand":[],"product_cat":[96],"product_tag":[],"formato-del-producto":[],"class_list":{"0":"post-2796","1":"product","2":"type-product","3":"status-publish","4":"has-post-thumbnail","6":"product_cat-hams-from-trevelez","8":"first","9":"instock","10":"taxable","11":"shipping-taxable","12":"purchasable","13":"product-type-simple"},"yoast_head":"<!-- This site is optimized with the Yoast SEO plugin v25.9 - https:\/\/yoast.com\/wordpress\/plugins\/seo\/ -->\n<title>Ham tacos - Jamones Nevadensis<\/title>\n<meta name=\"robots\" content=\"index, follow, max-snippet:-1, max-image-preview:large, max-video-preview:-1\" \/>\n<link rel=\"canonical\" href=\"https:\/\/www.jamonesnevadensis.com\/producto\/tacos-de-jamon\/\" \/>\n<meta property=\"og:locale\" content=\"en_US\" \/>\n<meta property=\"og:type\" content=\"article\" \/>\n<meta property=\"og:title\" content=\"Ham tacos - Jamones Nevadensis\" \/>\n<meta property=\"og:description\" content=\"Tacos (pieces) of ham from Jam\u00f3n IGP de Trev\u00e9lez, naturally cured for more than 24 months in the Sierra Nevada National Park. With all the characteristics of Trev\u00e9lez Ham, reduced salt content, no artificial additives. Boned in vacuum-packed pieces for easy consumption.\" \/>\n<meta property=\"og:url\" content=\"https:\/\/www.jamonesnevadensis.com\/producto\/tacos-de-jamon\/\" \/>\n<meta property=\"og:site_name\" content=\"Jamones Nevadensis\" \/>\n<meta property=\"article:publisher\" content=\"https:\/\/www.facebook.com\/jamones.nevadensis\/?locale=es_ES\" \/>\n<meta property=\"og:image\" content=\"https:\/\/www.jamonesnevadensis.com\/wp-content\/uploads\/2025\/05\/ALPUJARRA-TACOS-DE-JAMON-1-scaled.webp\" \/>\n\t<meta property=\"og:image:width\" content=\"1707\" \/>\n\t<meta property=\"og:image:height\" content=\"2560\" \/>\n\t<meta property=\"og:image:type\" content=\"image\/webp\" \/>\n<meta name=\"twitter:card\" content=\"summary_large_image\" \/>\n<script type=\"application\/ld+json\" class=\"yoast-schema-graph\">{\"@context\":\"https:\/\/schema.org\",\"@graph\":[{\"@type\":\"WebPage\",\"@id\":\"https:\/\/www.jamonesnevadensis.com\/producto\/tacos-de-jamon\/\",\"url\":\"https:\/\/www.jamonesnevadensis.com\/producto\/tacos-de-jamon\/\",\"name\":\"Ham tacos - Jamones Nevadensis\",\"isPartOf\":{\"@id\":\"https:\/\/www.jamonesnevadensis.com\/#website\"},\"primaryImageOfPage\":{\"@id\":\"https:\/\/www.jamonesnevadensis.com\/producto\/tacos-de-jamon\/#primaryimage\"},\"image\":{\"@id\":\"https:\/\/www.jamonesnevadensis.com\/producto\/tacos-de-jamon\/#primaryimage\"},\"thumbnailUrl\":\"https:\/\/www.jamonesnevadensis.com\/wp-content\/uploads\/2025\/05\/ALPUJARRA-TACOS-DE-JAMON-1-scaled.webp\",\"datePublished\":\"2025-05-12T05:58:36+00:00\",\"breadcrumb\":{\"@id\":\"https:\/\/www.jamonesnevadensis.com\/producto\/tacos-de-jamon\/#breadcrumb\"},\"inLanguage\":\"en-US\",\"potentialAction\":[{\"@type\":\"ReadAction\",\"target\":[\"https:\/\/www.jamonesnevadensis.com\/producto\/tacos-de-jamon\/\"]}]},{\"@type\":\"ImageObject\",\"inLanguage\":\"en-US\",\"@id\":\"https:\/\/www.jamonesnevadensis.com\/producto\/tacos-de-jamon\/#primaryimage\",\"url\":\"https:\/\/www.jamonesnevadensis.com\/wp-content\/uploads\/2025\/05\/ALPUJARRA-TACOS-DE-JAMON-1-scaled.webp\",\"contentUrl\":\"https:\/\/www.jamonesnevadensis.com\/wp-content\/uploads\/2025\/05\/ALPUJARRA-TACOS-DE-JAMON-1-scaled.webp\",\"width\":1707,\"height\":2560,\"caption\":\"ALPUJARRA TACOS DE JAMON (1)\"},{\"@type\":\"BreadcrumbList\",\"@id\":\"https:\/\/www.jamonesnevadensis.com\/producto\/tacos-de-jamon\/#breadcrumb\",\"itemListElement\":[{\"@type\":\"ListItem\",\"position\":1,\"name\":\"Portada\",\"item\":\"https:\/\/www.jamonesnevadensis.com\/en\/\"},{\"@type\":\"ListItem\",\"position\":2,\"name\":\"Shop\",\"item\":\"https:\/\/www.jamonesnevadensis.com\/en\/shop\/\"},{\"@type\":\"ListItem\",\"position\":3,\"name\":\"Ham tacos\"}]},{\"@type\":\"WebSite\",\"@id\":\"https:\/\/www.jamonesnevadensis.com\/#website\",\"url\":\"https:\/\/www.jamonesnevadensis.com\/\",\"name\":\"Jamones Nevadensis\",\"description\":\"\",\"publisher\":{\"@id\":\"https:\/\/www.jamonesnevadensis.com\/#organization\"},\"potentialAction\":[{\"@type\":\"SearchAction\",\"target\":{\"@type\":\"EntryPoint\",\"urlTemplate\":\"https:\/\/www.jamonesnevadensis.com\/?s={search_term_string}\"},\"query-input\":{\"@type\":\"PropertyValueSpecification\",\"valueRequired\":true,\"valueName\":\"search_term_string\"}}],\"inLanguage\":\"en-US\"},{\"@type\":\"Organization\",\"@id\":\"https:\/\/www.jamonesnevadensis.com\/#organization\",\"name\":\"Jamones Nevadensis\",\"url\":\"https:\/\/www.jamonesnevadensis.com\/\",\"logo\":{\"@type\":\"ImageObject\",\"inLanguage\":\"en-US\",\"@id\":\"https:\/\/www.jamonesnevadensis.com\/#\/schema\/logo\/image\/\",\"url\":\"https:\/\/www.jamonesnevadensis.com\/wp-content\/uploads\/2024\/02\/Grupo-90.svg\",\"contentUrl\":\"https:\/\/www.jamonesnevadensis.com\/wp-content\/uploads\/2024\/02\/Grupo-90.svg\",\"width\":260,\"height\":46,\"caption\":\"Jamones Nevadensis\"},\"image\":{\"@id\":\"https:\/\/www.jamonesnevadensis.com\/#\/schema\/logo\/image\/\"},\"sameAs\":[\"https:\/\/www.facebook.com\/jamones.nevadensis\/?locale=es_ES\",\"https:\/\/www.instagram.com\/jamonesnevadensis\/\",\"https:\/\/www.youtube.com\/@Jamonesnevadensisdetrevelez\"]}]}<\/script>\n<!-- \/ Yoast SEO plugin. -->","yoast_head_json":{"title":"Ham tacos - Jamones Nevadensis","robots":{"index":"index","follow":"follow","max-snippet":"max-snippet:-1","max-image-preview":"max-image-preview:large","max-video-preview":"max-video-preview:-1"},"canonical":"https:\/\/www.jamonesnevadensis.com\/producto\/tacos-de-jamon\/","og_locale":"en_US","og_type":"article","og_title":"Ham tacos - Jamones Nevadensis","og_description":"Tacos (pieces) of ham from Jam\u00f3n IGP de Trev\u00e9lez, naturally cured for more than 24 months in the Sierra Nevada National Park. With all the characteristics of Trev\u00e9lez Ham, reduced salt content, no artificial additives. Boned in vacuum-packed pieces for easy consumption.","og_url":"https:\/\/www.jamonesnevadensis.com\/producto\/tacos-de-jamon\/","og_site_name":"Jamones Nevadensis","article_publisher":"https:\/\/www.facebook.com\/jamones.nevadensis\/?locale=es_ES","og_image":[{"width":1707,"height":2560,"url":"https:\/\/www.jamonesnevadensis.com\/wp-content\/uploads\/2025\/05\/ALPUJARRA-TACOS-DE-JAMON-1-scaled.webp","type":"image\/webp"}],"twitter_card":"summary_large_image","schema":{"@context":"https:\/\/schema.org","@graph":[{"@type":"WebPage","@id":"https:\/\/www.jamonesnevadensis.com\/producto\/tacos-de-jamon\/","url":"https:\/\/www.jamonesnevadensis.com\/producto\/tacos-de-jamon\/","name":"Ham tacos - Jamones Nevadensis","isPartOf":{"@id":"https:\/\/www.jamonesnevadensis.com\/#website"},"primaryImageOfPage":{"@id":"https:\/\/www.jamonesnevadensis.com\/producto\/tacos-de-jamon\/#primaryimage"},"image":{"@id":"https:\/\/www.jamonesnevadensis.com\/producto\/tacos-de-jamon\/#primaryimage"},"thumbnailUrl":"https:\/\/www.jamonesnevadensis.com\/wp-content\/uploads\/2025\/05\/ALPUJARRA-TACOS-DE-JAMON-1-scaled.webp","datePublished":"2025-05-12T05:58:36+00:00","breadcrumb":{"@id":"https:\/\/www.jamonesnevadensis.com\/producto\/tacos-de-jamon\/#breadcrumb"},"inLanguage":"en-US","potentialAction":[{"@type":"ReadAction","target":["https:\/\/www.jamonesnevadensis.com\/producto\/tacos-de-jamon\/"]}]},{"@type":"ImageObject","inLanguage":"en-US","@id":"https:\/\/www.jamonesnevadensis.com\/producto\/tacos-de-jamon\/#primaryimage","url":"https:\/\/www.jamonesnevadensis.com\/wp-content\/uploads\/2025\/05\/ALPUJARRA-TACOS-DE-JAMON-1-scaled.webp","contentUrl":"https:\/\/www.jamonesnevadensis.com\/wp-content\/uploads\/2025\/05\/ALPUJARRA-TACOS-DE-JAMON-1-scaled.webp","width":1707,"height":2560,"caption":"ALPUJARRA TACOS DE JAMON (1)"},{"@type":"BreadcrumbList","@id":"https:\/\/www.jamonesnevadensis.com\/producto\/tacos-de-jamon\/#breadcrumb","itemListElement":[{"@type":"ListItem","position":1,"name":"Portada","item":"https:\/\/www.jamonesnevadensis.com\/en\/"},{"@type":"ListItem","position":2,"name":"Shop","item":"https:\/\/www.jamonesnevadensis.com\/en\/shop\/"},{"@type":"ListItem","position":3,"name":"Ham tacos"}]},{"@type":"WebSite","@id":"https:\/\/www.jamonesnevadensis.com\/#website","url":"https:\/\/www.jamonesnevadensis.com\/","name":"Jamones Nevadensis","description":"","publisher":{"@id":"https:\/\/www.jamonesnevadensis.com\/#organization"},"potentialAction":[{"@type":"SearchAction","target":{"@type":"EntryPoint","urlTemplate":"https:\/\/www.jamonesnevadensis.com\/?s={search_term_string}"},"query-input":{"@type":"PropertyValueSpecification","valueRequired":true,"valueName":"search_term_string"}}],"inLanguage":"en-US"},{"@type":"Organization","@id":"https:\/\/www.jamonesnevadensis.com\/#organization","name":"Jamones Nevadensis","url":"https:\/\/www.jamonesnevadensis.com\/","logo":{"@type":"ImageObject","inLanguage":"en-US","@id":"https:\/\/www.jamonesnevadensis.com\/#\/schema\/logo\/image\/","url":"https:\/\/www.jamonesnevadensis.com\/wp-content\/uploads\/2024\/02\/Grupo-90.svg","contentUrl":"https:\/\/www.jamonesnevadensis.com\/wp-content\/uploads\/2024\/02\/Grupo-90.svg","width":260,"height":46,"caption":"Jamones Nevadensis"},"image":{"@id":"https:\/\/www.jamonesnevadensis.com\/#\/schema\/logo\/image\/"},"sameAs":["https:\/\/www.facebook.com\/jamones.nevadensis\/?locale=es_ES","https:\/\/www.instagram.com\/jamonesnevadensis\/","https:\/\/www.youtube.com\/@Jamonesnevadensisdetrevelez"]}]}},"_links":{"self":[{"href":"https:\/\/www.jamonesnevadensis.com\/en\/wp-json\/wp\/v2\/product\/2796","targetHints":{"allow":["GET"]}}],"collection":[{"href":"https:\/\/www.jamonesnevadensis.com\/en\/wp-json\/wp\/v2\/product"}],"about":[{"href":"https:\/\/www.jamonesnevadensis.com\/en\/wp-json\/wp\/v2\/types\/product"}],"wp:featuredmedia":[{"embeddable":true,"href":"https:\/\/www.jamonesnevadensis.com\/en\/wp-json\/wp\/v2\/media\/2635"}],"wp:attachment":[{"href":"https:\/\/www.jamonesnevadensis.com\/en\/wp-json\/wp\/v2\/media?parent=2796"}],"wp:term":[{"taxonomy":"product_brand","embeddable":true,"href":"https:\/\/www.jamonesnevadensis.com\/en\/wp-json\/wp\/v2\/product_brand?post=2796"},{"taxonomy":"product_cat","embeddable":true,"href":"https:\/\/www.jamonesnevadensis.com\/en\/wp-json\/wp\/v2\/product_cat?post=2796"},{"taxonomy":"product_tag","embeddable":true,"href":"https:\/\/www.jamonesnevadensis.com\/en\/wp-json\/wp\/v2\/product_tag?post=2796"},{"taxonomy":"formato-del-producto","embeddable":true,"href":"https:\/\/www.jamonesnevadensis.com\/en\/wp-json\/wp\/v2\/formato-del-producto?post=2796"}],"curies":[{"name":"wp","href":"https:\/\/api.w.org\/{rel}","templated":true}]}}